{"id":108,"date":"2015-10-25T11:47:16","date_gmt":"2015-10-25T11:47:16","guid":{"rendered":"https:\/\/nikt.net\/?page_id=108"},"modified":"2025-09-08T08:53:38","modified_gmt":"2025-09-08T08:53:38","slug":"zamiast-wstepu-ta-strona-dopiero-powstaje-ksiazki-jeszcze-nie-ma-7-maja-2015","status":"publish","type":"page","link":"https:\/\/nikt.net\/?page_id=108","title":{"rendered":"zamiast wst\u0119pu\u2026"},"content":{"rendered":"\n<p>\u201e<strong>Ta strona dopiero powstaje, ksi\u0105\u017cki jeszcze nie ma<\/strong>\u2026\u201d<br> (tekst: 7 maja 2015; dzi\u015b ju\u017c ksi\u0105\u017cka dost\u0119pna i wydana)<\/p>\n\n\n\n<p>Pr\u00f3buj\u0119 opracowa\u0107 spisany kiedy\u015b (lata 70.) \u017cyciorys: oto moja matka <a href=\"https:\/\/nikt.net\/?p=2326\"><strong>Barbara Anna z d. Zawis\u0142awska<\/strong><\/a>. Konfrontuj\u0119 go z innymi papierami: dokumentami, \u015bwiadectwami\u2026 Wiele mam, sporo brakuje. Dzieje ludzi nieistotnych w dziejach.<\/p>\n\n\n\n<blockquote class=\"wp-block-quote is-layout-flow wp-block-quote-is-layout-flow\">\n<p>u g\u00f3ry: Barbara Makowska, rys. <a href=\"http:\/\/makowski.info\/\"><strong>Zbigniew Makowski<\/strong><\/a> (195\u2026)<\/p>\n<\/blockquote>\n\n\n<div class=\"wp-block-image\">\n<figure class=\"alignleft\"><a href=\"http:\/\/ooops.pl\/?p=28898\"><img loading=\"lazy\" decoding=\"async\" width=\"219\" height=\"300\" src=\"https:\/\/nikt.net\/wp-content\/uploads\/2015\/07\/Sprawozdanie-WSM-1938-miniatura-219x300.jpg\" alt=\"Sprawozdanie-WSM-1938-miniatura\" class=\"wp-image-4\" srcset=\"https:\/\/nikt.net\/wp-content\/uploads\/2015\/07\/Sprawozdanie-WSM-1938-miniatura-219x300.jpg 219w, https:\/\/nikt.net\/wp-content\/uploads\/2015\/07\/Sprawozdanie-WSM-1938-miniatura-624x854.jpg 624w, https:\/\/nikt.net\/wp-content\/uploads\/2015\/07\/Sprawozdanie-WSM-1938-miniatura.jpg 650w\" sizes=\"auto, (max-width: 219px) 100vw, 219px\" \/><\/a><\/figure>\n<\/div>\n\n\n<p><br>\n\u2026<br>\nNie\u015blubna c\u00f3rka <strong>W\u0142adys\u0142awa Zawis\u0142awskiego<\/strong>, murarza, kt\u00f3ry by\u0142 bratem <a href=\"http:\/\/pl.wikipedia.org\/wiki\/Referat_Filmowy_BIP_KG_AK\"><strong>Leonarda Zawis\u0142awskiego<\/strong><\/a>, operatora (w tym: Referatu Filmowego BiP KG AK) i wykladowcy \u201efilm\u00f3wki\u201d w \u0141odzi oraz Wiktorii Ryszkowskiej, praczki w <a href=\"http:\/\/ooops.pl\/?p=26845\"><strong>I Pierwszej Pralni Sp\u00f3\u0142dzielczej<\/strong><\/a>, utworzonej przy Warszawskiej Sp\u00f3\u0142dzielni Mieszkaniowej (\u201eSzklane Domy\u201d) przez m.in. <a href=\"http:\/\/pl.wikipedia.org\/wiki\/Maria_Orsetti\"><strong>Mari\u0119 Orsetti<\/strong><\/a> (\u201eKo\u0142o Czynnych Kooperatystek\u201d) i <strong>Boles\u0142awa Bieruta<\/strong>: tego samego.<br>\n<\/p>\n\n\n\n<!--more-->\n\n\n\n<p>Siostra <strong>Ryszarda Ryszkowskiego<\/strong>, by\u0107 mo\u017ce jednego <a href=\"http:\/\/www.kolejkamarecka.pun.pl\/viewtopic.php?id=2043&amp;p=2\">z powieszonych na Lesznie<\/a>; ale (mo\u017ce) to tylko opis rozpaczy ojca\u2026 Pi\u0119tnastoletnia uczestniczka Powstania Warszawskiego na \u017boliborzu, p\u00f3\u017aniej sierota w <a href=\"http:\/\/www.dulag121.pl\/\"><strong>Dulagu 121 Pruszk\u00f3w<\/strong><\/a> \u2013 p\u00f3\u017aniej zapewne w obozie <strong>Ravensbr\u00fcck<\/strong>, s\u0105 \u015bwiadkowie, lecz i niejasno\u015bci\u2026<br>\nDalej dom dziecka im. Maryny Falskiej \u201e<a href=\"http:\/\/pl.wikipedia.org\/wiki\/Nasz_Dom\"><strong>Nasz Dom<\/strong><\/a>\u201d (wtedy, p\u00f3\u017aniej jednak: \u201eim. Feliksa Dzier\u017cy\u0144skiego\u201d). Pierwsza \u017cona <a href=\"http:\/\/makowski.info\/\"><strong>Zbigniewa Makowskiego<\/strong><\/a>, malarza, mego ojca. Druga \u017cona <strong>Edmunda Goczarskiego<\/strong> (Mendla Garncarskiego, m.in. \u201e<strong>Po prostu<\/strong>, \u201eArgumenty\u201d); p\u00f3\u017aniej zreszt\u0105 ojca <a href=\"http:\/\/pl.wikipedia.org\/wiki\/Miriam_Gonczarska\">Miriam Gonczarskiej<\/a> \u2013 lecz i pierwszej c\u00f3rki Urszuli, kt\u00f3ra ze sw\u0105 matka Jakob\u0105 Blidsztejn (<strong>Danut\u0105 D\u0105browsk\u0105<\/strong>) wyjecha\u0142a, z Dworca Gda\u0144skiego, do Izraela w 1968 roku.<\/p>\n\n\n<div class=\"wp-block-image\">\n<figure class=\"alignleft\"><a href=\"http:\/\/ooops.pl\/?p=28064\"><img loading=\"lazy\" decoding=\"async\" width=\"300\" height=\"215\" src=\"https:\/\/nikt.net\/wp-content\/uploads\/2015\/05\/IV-Kolonia-WSM-wybudowana-1938-39-xx-300x215.jpg\" alt=\"IV-Kolonia-WSM-wybudowana-1938-39-xx\" class=\"wp-image-52\" srcset=\"https:\/\/nikt.net\/wp-content\/uploads\/2015\/05\/IV-Kolonia-WSM-wybudowana-1938-39-xx-300x215.jpg 300w, https:\/\/nikt.net\/wp-content\/uploads\/2015\/05\/IV-Kolonia-WSM-wybudowana-1938-39-xx-768x549.jpg 768w, https:\/\/nikt.net\/wp-content\/uploads\/2015\/05\/IV-Kolonia-WSM-wybudowana-1938-39-xx-1024x732.jpg 1024w, https:\/\/nikt.net\/wp-content\/uploads\/2015\/05\/IV-Kolonia-WSM-wybudowana-1938-39-xx-624x446.jpg 624w, https:\/\/nikt.net\/wp-content\/uploads\/2015\/05\/IV-Kolonia-WSM-wybudowana-1938-39-xx.jpg 1253w\" sizes=\"auto, (max-width: 300px) 100vw, 300px\" \/><\/a><\/figure>\n<\/div>\n\n\n<p>Barbara? Ca\u0142e \u017cycie mieszka\u0142a na tzw. <a href=\"http:\/\/ooops.pl\/?p=1197\">koloniach WSM<\/a> \u2013 tak, tego samego WSM, opisanego przez Jaros\u0142awa Abramowa-Newerly\u2019ego, s\u0105siada z III Kolonii, w kilku zabawnych \u201e<a href=\"http:\/\/culture.pl\/pl\/tworca\/jaroslaw-abramow-newerly\">Lwach<\/a>\u2026\u201d.<br>\n<em>Dla oddechu robi\u0142 st\u00f3jk\u0119 i d\u0142ugo chodzi\u0142 na r\u0119kach po namiocie.<br>\n\u2013 To od\u015bwie\u017ca m\u00f3zg \u2013 m\u00f3wi\u0142 i z now\u0105 werw\u0105 przyst\u0119powa\u0142 do wyk\u0142adu. Jak wi\u0119kszo\u015b\u0107 starszyzny nosi\u0142 harcerski mundur, a z ty\u0142u fink\u0119. Uzna\u0142em, \u017ce straszny dziwak. (\u2026) Dopiero po latach skojarzy\u0142em, \u017ce ten Maku to nie kto inny, tylko nasz znakomity malarz nowoczesny Zbigniew Makowski\u2026 <\/em><br>\n(\u201e<a href=\"http:\/\/wyborcza.pl\/1,75517,1595696.html\">Lwy wyzwolone<\/a>\u201d)<br>\n<br>\nTen sam WSM, w kt\u00f3rym dzia\u0142a\u0142 <a href=\"http:\/\/www.manufaktura-legenda.pl\/index.php?option=com_virtuemart&amp;view=productdetails&amp;virtuemart_product_id=17&amp;virtuemart_category_id=5\">ojciec Tomka Lipi\u0144skiego<\/a>, Stowarzyszenie \u201eCzapka Frygijska\u201d, wspomnia\u0142em ju\u017c w \u201e<a href=\"http:\/\/ooops.pl\/?page_id=10844\"><strong>Obok<\/strong><\/a>\u2026\u201d<\/p>\n\n\n\n<p>A Barbara? \u017byciorys osoby trudnej. Oto opis rozmowy, przyjmowania jej do Sanatorium dla Nerwowo Chorych w Ko\u015bcianie, do \u201eczubk\u00f3w\u201d, jak sama to miejsce okre\u015bla: <\/p>\n\n\n\n<ol class=\"wp-block-list\">\n<li><\/li>\n<\/ol>\n\n\n\n<p>Jest kilka wersji tych \u017cyciorys\u00f3w, niekt\u00f3re d\u0142ugie, nawet 70 stron. Z r\u00f3\u017cnych okres\u00f3w \u2013 i r\u00f3\u017cni\u0105 si\u0119 ciekawie. Czy s\u0105 prawdziwe? Pr\u00f3buj\u0119 to ustali\u0107. (Niekt\u00f3re rzeczy widzia\u0142em ju\u017c w\u0142asnymi oczami.) Matka moja by\u0142a ambitna, to przecie\u017c \u017cona malarza\u2026<br>\n\u2013 <em>Nie kocha\u0142am ju\u017c swego m\u0119\u017ca<\/em> \u2013 napisze o roku 1956, roku jego dyplomu \u2013 <em>chyba nigdy go nie kocha\u0142am. Pokocha\u0142am jego \u015bwietne<\/em> [to \u201e\u015bwietne\u201d p\u00f3\u017aniej skre\u015bli\u0142a, ciekawe] <em>malarstwo, artyzm. No i chyba aktorstwo, kt\u00f3re przez wiele lat dawa\u0142o mi poczucie posiadania swego domu, w\u0142asnego domu\u2026<\/em><br>\n\u2026oraz dziennikarza. I mia\u0142a ambicje literackie. S\u0105 wiersze.<\/p>\n\n\n\n<p>A ja ucieka\u0142em z tego domu-niedomu jak i kiedy tylko mog\u0142em. Najpierw do ojca, imponowa\u0142 mi: umys\u0142 wybitny, lecz\u2026 P\u00f3\u017aniej do hipis\u00f3w warszawskich, c\u00f3\u017c za marne towarzystwo! Jak ona, histerycznie szukaj\u0105c domu, \u201enormalnych\u201d rodzin: <a href=\"http:\/\/pl.wikipedia.org\/wiki\/Magdalena_\u0141azarkiewicz\">dom pa\u0144stwa Holland\u00f3w<\/a>, dom\u2026 Ojciec proponowa\u0142 konformizm:<br>\n<em>\u2013 Zapisz si\u0119 przynajmniej do ZSP, b\u0119dzie ci \u0142atwiej w \u017cyciu\u2026<\/em> us\u0142ysza\u0142em od niego (lub jego drugiej \u017cony, m\u00f3wili wtedy jednym g\u0142osem), gdy wreszcie zda\u0142em na studia. Historia, ku\u017ania elit.<br>\n<em> \u2013 To jest socjalistyczny zwi\u0105zek, nigdy!<\/em> \u2013 odpowiada\u0142em ja, wnuk licznych \u201eSocyalist\u00f3w\u201d, potomek dzia\u0142aczy RTPD. Realno\u015b\u0107 dnia, koniec historii. Bezsens opisywania dziej\u00f3w ludzi niewa\u017cnych:  Pa\u0144stwo Nikt. <em>\u2013 Misiu, nigdy ci\u0119 nie opuszcz\u0119<\/em>\u2026 cytuje moja matka. Mia\u0142em mo\u017ce z sze\u015b\u0107 lat. Tak, to zapewne <a href=\"http:\/\/ooops.pl\/?p=13405\">ten sam mi\u015b<\/a>. <\/p>\n\n\n\n<ol class=\"wp-block-list\">\n<li><\/li>\n<\/ol>\n\n\n\n<p>Pisz\u0119 ksi\u0105\u017ck\u0119, opracowuj\u0119 te papiery. Szukam fakt\u00f3w. Je\u015bli kto zainteresowany, got\u00f3w pom\u00f3c \u2013 prosz\u0119 o mail, telefon\u2026<br>\nmr makowski *<br>\n\u2026<br>\n* mail: makowski @ makowski.info | <a href=\"http:\/\/www.pracownia52.pl\/\">www.pracownia52.pl<\/a><br>\n<\/p>\n\n\n\n<figure class=\"wp-block-gallery has-nested-images columns-3 is-cropped wp-block-gallery-1 is-layout-flex wp-block-gallery-is-layout-flex\">\n<figure class=\"wp-block-image\"><a href=\"https:\/\/nikt.net\/wp-content\/uploads\/2015\/05\/zb-makowski-maly-mirek-i-Misio-1956-1.jpg\"><img loading=\"lazy\" decoding=\"async\" width=\"636\" height=\"1024\" data-id=\"37\" src=\"https:\/\/nikt.net\/wp-content\/uploads\/2015\/05\/zb-makowski-maly-mirek-i-Misio-1956-1-636x1024.jpg\" alt=\"\" class=\"wp-image-37\" srcset=\"https:\/\/nikt.net\/wp-content\/uploads\/2015\/05\/zb-makowski-maly-mirek-i-Misio-1956-1-636x1024.jpg 636w, https:\/\/nikt.net\/wp-content\/uploads\/2015\/05\/zb-makowski-maly-mirek-i-Misio-1956-1-186x300.jpg 186w, https:\/\/nikt.net\/wp-content\/uploads\/2015\/05\/zb-makowski-maly-mirek-i-Misio-1956-1-624x1005.jpg 624w, https:\/\/nikt.net\/wp-content\/uploads\/2015\/05\/zb-makowski-maly-mirek-i-Misio-1956-1.jpg 650w\" sizes=\"auto, (max-width: 636px) 100vw, 636px\" \/><\/a><\/figure>\n\n\n\n<figure class=\"wp-block-image\"><a href=\"https:\/\/nikt.net\/wp-content\/uploads\/2015\/05\/VIII-kol-WSM-1938-fragment.jpg\"><img loading=\"lazy\" decoding=\"async\" width=\"1024\" height=\"768\" data-id=\"49\" src=\"https:\/\/nikt.net\/wp-content\/uploads\/2015\/05\/VIII-kol-WSM-1938-fragment-1024x768.jpg\" alt=\"\" class=\"wp-image-49\" srcset=\"https:\/\/nikt.net\/wp-content\/uploads\/2015\/05\/VIII-kol-WSM-1938-fragment-1024x768.jpg 1024w, https:\/\/nikt.net\/wp-content\/uploads\/2015\/05\/VIII-kol-WSM-1938-fragment-300x225.jpg 300w, https:\/\/nikt.net\/wp-content\/uploads\/2015\/05\/VIII-kol-WSM-1938-fragment-768x576.jpg 768w, https:\/\/nikt.net\/wp-content\/uploads\/2015\/05\/VIII-kol-WSM-1938-fragment-624x468.jpg 624w, https:\/\/nikt.net\/wp-content\/uploads\/2015\/05\/VIII-kol-WSM-1938-fragment-200x150.jpg 200w, https:\/\/nikt.net\/wp-content\/uploads\/2015\/05\/VIII-kol-WSM-1938-fragment.jpg 1200w\" sizes=\"auto, (max-width: 1024px) 100vw, 1024px\" \/><\/a><\/figure>\n\n\n\n<figure class=\"wp-block-image\"><a href=\"https:\/\/nikt.net\/wp-content\/uploads\/2015\/07\/Sprawozdanie-WSM-1938-miniatura.jpg\"><img loading=\"lazy\" decoding=\"async\" width=\"650\" height=\"890\" data-id=\"4\" src=\"https:\/\/nikt.net\/wp-content\/uploads\/2015\/07\/Sprawozdanie-WSM-1938-miniatura.jpg\" alt=\"\" class=\"wp-image-4\" srcset=\"https:\/\/nikt.net\/wp-content\/uploads\/2015\/07\/Sprawozdanie-WSM-1938-miniatura.jpg 650w, https:\/\/nikt.net\/wp-content\/uploads\/2015\/07\/Sprawozdanie-WSM-1938-miniatura-219x300.jpg 219w, https:\/\/nikt.net\/wp-content\/uploads\/2015\/07\/Sprawozdanie-WSM-1938-miniatura-624x854.jpg 624w\" sizes=\"auto, (max-width: 650px) 100vw, 650px\" \/><\/a><\/figure>\n<\/figure>\n","protected":false},"excerpt":{"rendered":"<p>\u201eTa strona dopiero powstaje, ksi\u0105\u017cki jeszcze nie ma\u2026\u201d (tekst: 7 maja 2015; dzi\u015b ju\u017c ksi\u0105\u017cka dost\u0119pna i wydana) Pr\u00f3buj\u0119 opracowa\u0107 spisany kiedy\u015b (lata 70.) \u017cyciorys: oto moja matka Barbara Anna z d. Zawis\u0142awska. Konfrontuj\u0119 go z innymi papierami: dokumentami, \u015bwiadectwami\u2026 Wiele mam, sporo brakuje. Dzieje ludzi nieistotnych w dziejach. u&#8230; <a class=\"continue-reading-link\" href=\"https:\/\/nikt.net\/?page_id=108\">czytaj dalej<\/a><\/p>\n","protected":false},"author":1,"featured_media":12,"parent":0,"menu_order":0,"comment_status":"closed","ping_status":"closed","template":"","meta":{"footnotes":""},"class_list":["post-108","page","type-page","status-publish","has-post-thumbnail","hentry"],"_links":{"self":[{"href":"https:\/\/nikt.net\/index.php?rest_route=\/wp\/v2\/pages\/108","targetHints":{"allow":["GET"]}}],"collection":[{"href":"https:\/\/nikt.net\/index.php?rest_route=\/wp\/v2\/pages"}],"about":[{"href":"https:\/\/nikt.net\/index.php?rest_route=\/wp\/v2\/types\/page"}],"author":[{"embeddable":true,"href":"https:\/\/nikt.net\/index.php?rest_route=\/wp\/v2\/users\/1"}],"replies":[{"embeddable":true,"href":"https:\/\/nikt.net\/index.php?rest_route=%2Fwp%2Fv2%2Fcomments&post=108"}],"version-history":[{"count":12,"href":"https:\/\/nikt.net\/index.php?rest_route=\/wp\/v2\/pages\/108\/revisions"}],"predecessor-version":[{"id":4449,"href":"https:\/\/nikt.net\/index.php?rest_route=\/wp\/v2\/pages\/108\/revisions\/4449"}],"wp:featuredmedia":[{"embeddable":true,"href":"https:\/\/nikt.net\/index.php?rest_route=\/wp\/v2\/media\/12"}],"wp:attachment":[{"href":"https:\/\/nikt.net\/index.php?rest_route=%2Fwp%2Fv2%2Fmedia&parent=108"}],"curies":[{"name":"wp","href":"https:\/\/api.w.org\/{rel}","templated":true}]}}